{"id":486,"date":"2020-03-19T12:19:39","date_gmt":"2020-03-19T11:19:39","guid":{"rendered":"http:\/\/delphipools.eu\/?page_id=486"},"modified":"2024-01-24T13:42:50","modified_gmt":"2024-01-24T12:42:50","slug":"baseny","status":"publish","type":"page","link":"https:\/\/delphipools.eu\/?page_id=486&lang=pl","title":{"rendered":"Baseny"},"content":{"rendered":"\n<figure class=\"wp-block-gallery has-nested-images columns-4 is-cropped wp-block-gallery-1 is-layout-flex wp-block-gallery-is-layout-flex\">\n<figure class=\"wp-block-image size-large\"><img loading=\"lazy\" decoding=\"async\" width=\"1024\" height=\"683\" data-id=\"49\" src=\"https:\/\/delphipools.eu\/wp-content\/uploads\/2019\/07\/118140070-1-1024x683.jpg\" alt=\"\" class=\"wp-image-49\" srcset=\"https:\/\/delphipools.eu\/wp-content\/uploads\/2019\/07\/118140070-1-1024x683.jpg 1024w, https:\/\/delphipools.eu\/wp-content\/uploads\/2019\/07\/118140070-1-300x200.jpg 300w, https:\/\/delphipools.eu\/wp-content\/uploads\/2019\/07\/118140070-1-768x512.jpg 768w, https:\/\/delphipools.eu\/wp-content\/uploads\/2019\/07\/118140070-1.jpg 1280w\" sizes=\"auto, (max-width: 1024px) 100vw, 1024px\" \/><\/figure>\n\n\n\n<figure class=\"wp-block-image size-large\"><img loading=\"lazy\" decoding=\"async\" width=\"1024\" height=\"683\" data-id=\"61\" src=\"https:\/\/delphipools.eu\/wp-content\/uploads\/2019\/07\/UNADJUSTEDNONRAW_thumb_31d5-1-1024x683.jpg\" alt=\"\" class=\"wp-image-61\" srcset=\"https:\/\/delphipools.eu\/wp-content\/uploads\/2019\/07\/UNADJUSTEDNONRAW_thumb_31d5-1-1024x683.jpg 1024w, https:\/\/delphipools.eu\/wp-content\/uploads\/2019\/07\/UNADJUSTEDNONRAW_thumb_31d5-1-300x200.jpg 300w, https:\/\/delphipools.eu\/wp-content\/uploads\/2019\/07\/UNADJUSTEDNONRAW_thumb_31d5-1-768x512.jpg 768w, https:\/\/delphipools.eu\/wp-content\/uploads\/2019\/07\/UNADJUSTEDNONRAW_thumb_31d5-1.jpg 1086w\" sizes=\"auto, (max-width: 1024px) 100vw, 1024px\" \/><\/figure>\n\n\n\n<figure class=\"wp-block-image size-large\"><img loading=\"lazy\" decoding=\"async\" width=\"1024\" height=\"586\" data-id=\"76\" src=\"https:\/\/delphipools.eu\/wp-content\/uploads\/2019\/07\/Zrzut-ekranu-2019-01-4-o-16.38.34-1-1024x586.jpg\" alt=\"\" class=\"wp-image-76\" srcset=\"https:\/\/delphipools.eu\/wp-content\/uploads\/2019\/07\/Zrzut-ekranu-2019-01-4-o-16.38.34-1-1024x586.jpg 1024w, https:\/\/delphipools.eu\/wp-content\/uploads\/2019\/07\/Zrzut-ekranu-2019-01-4-o-16.38.34-1-300x172.jpg 300w, https:\/\/delphipools.eu\/wp-content\/uploads\/2019\/07\/Zrzut-ekranu-2019-01-4-o-16.38.34-1-768x439.jpg 768w, https:\/\/delphipools.eu\/wp-content\/uploads\/2019\/07\/Zrzut-ekranu-2019-01-4-o-16.38.34-1.jpg 1532w\" sizes=\"auto, (max-width: 1024px) 100vw, 1024px\" \/><\/figure>\n\n\n\n<figure class=\"wp-block-image size-large\"><img loading=\"lazy\" decoding=\"async\" width=\"1024\" height=\"586\" data-id=\"84\" src=\"https:\/\/delphipools.eu\/wp-content\/uploads\/2019\/07\/Zrzut-ekranu-2019-01-4-o-16.40.15-1-1024x586.jpg\" alt=\"\" class=\"wp-image-84\" srcset=\"https:\/\/delphipools.eu\/wp-content\/uploads\/2019\/07\/Zrzut-ekranu-2019-01-4-o-16.40.15-1-1024x586.jpg 1024w, https:\/\/delphipools.eu\/wp-content\/uploads\/2019\/07\/Zrzut-ekranu-2019-01-4-o-16.40.15-1-300x172.jpg 300w, https:\/\/delphipools.eu\/wp-content\/uploads\/2019\/07\/Zrzut-ekranu-2019-01-4-o-16.40.15-1-768x439.jpg 768w, https:\/\/delphipools.eu\/wp-content\/uploads\/2019\/07\/Zrzut-ekranu-2019-01-4-o-16.40.15-1.jpg 1532w\" sizes=\"auto, (max-width: 1024px) 100vw, 1024px\" \/><\/figure>\n\n\n\n<figure class=\"wp-block-image size-large\"><img loading=\"lazy\" decoding=\"async\" width=\"1024\" height=\"683\" data-id=\"60\" src=\"https:\/\/delphipools.eu\/wp-content\/uploads\/2019\/07\/UNADJUSTEDNONRAW_thumb_31d4-1-1024x683.jpg\" alt=\"\" class=\"wp-image-60\" srcset=\"https:\/\/delphipools.eu\/wp-content\/uploads\/2019\/07\/UNADJUSTEDNONRAW_thumb_31d4-1-1024x683.jpg 1024w, https:\/\/delphipools.eu\/wp-content\/uploads\/2019\/07\/UNADJUSTEDNONRAW_thumb_31d4-1-300x200.jpg 300w, https:\/\/delphipools.eu\/wp-content\/uploads\/2019\/07\/UNADJUSTEDNONRAW_thumb_31d4-1-768x512.jpg 768w, https:\/\/delphipools.eu\/wp-content\/uploads\/2019\/07\/UNADJUSTEDNONRAW_thumb_31d4-1.jpg 1085w\" sizes=\"auto, (max-width: 1024px) 100vw, 1024px\" \/><\/figure>\n<\/figure>\n\n\n\n<div style=\"height:20px\" aria-hidden=\"true\" class=\"wp-block-spacer\"><\/div>\n\n\n\n<p>Dostarczane przez nas baseny posiadaj\u0105 wielowarstwow\u0105 budow\u0119 gwarantuj\u0105c\u0105 d\u0142ugoletni\u0105 trwa\u0142o\u015b\u0107 i odporno\u015b\u0107 na wod\u0119, chemikalia oraz niekorzystne warunki atmosferyczne. Zbudowane s\u0105 z \u017cywicy konstrukcyjnej nadaj\u0105cej niecce wytrzyma\u0142o\u015b\u0107 i sztywno\u015b\u0107, warstwy przeciwosmozowej chroni\u0105cej przed przenikaniem wody w g\u0142\u0105b konstrukcji, oraz z wysokiej jako\u015bci \u017celkotu, kt\u00f3ry uodparnia na starzenie, promieniowanie UV, \u015brodki chemiczne i czynniki atmosferyczne. Warstwa \u017celkotu zabezpiecza przed wnikaniem wilgoci, wody, chemikali\u00f3w i nadaje powierzchni po\u0142ysk i g\u0142adko\u015b\u0107. Ma to znacz\u0105cy wp\u0142yw na \u0142atw\u0105 konserwacj\u0119 i utrzymanie niecki w czysto\u015bci.&nbsp;<\/p>\n\n\n\n<p>Z zewn\u0105trz niecka pokryta jest piank\u0105 poliuretanow\u0105 zapewniaj\u0105c\u0105 izolacj\u0119 wody w basenie przed utrat\u0105 temperatury. <\/p>\n\n\n\n<p>Odpowiednio skonstruowane antypo\u015blizgowe schody u\u0142atwiaj\u0105 wej\u015bcie do basenu oraz mog\u0105 pos\u0142u\u017cy\u0107 jako funkcjonalne siedzisko. Aby poprawi\u0107 stabilno\u015b\u0107 niecki, nasze baseny s\u0105 wzmacniane specjalnymi kszta\u0142townikami.<\/p>\n\n\n\n<p>Nasze produkty cechuje:<\/p>\n\n\n\n<ul class=\"wp-block-list\">\n<li>odporno\u015b\u0107 na warunki pogodowe<\/li>\n\n\n\n<li>odporno\u015b\u0107 na mechaniczne uszkodzenia<\/li>\n\n\n\n<li>odporno\u015b\u0107 na brud i wi\u0119kszo\u015b\u0107 chemikali\u00f3w<\/li>\n<\/ul>\n\n\n\n<h3 class=\"wp-block-heading\">Warstwy &#8211; przekr\u00f3j budowy basenu<\/h3>\n\n\n\n<figure class=\"wp-block-image size-large\"><img loading=\"lazy\" decoding=\"async\" width=\"1024\" height=\"390\" src=\"https:\/\/delphipools.eu\/wp-content\/uploads\/2019\/07\/Zrzut-ekranu-2019-07-4-o-14.11.20-1-1024x390.png\" alt=\"\" class=\"wp-image-247\" srcset=\"https:\/\/delphipools.eu\/wp-content\/uploads\/2019\/07\/Zrzut-ekranu-2019-07-4-o-14.11.20-1-1024x390.png 1024w, https:\/\/delphipools.eu\/wp-content\/uploads\/2019\/07\/Zrzut-ekranu-2019-07-4-o-14.11.20-1-300x114.png 300w, https:\/\/delphipools.eu\/wp-content\/uploads\/2019\/07\/Zrzut-ekranu-2019-07-4-o-14.11.20-1-768x292.png 768w, https:\/\/delphipools.eu\/wp-content\/uploads\/2019\/07\/Zrzut-ekranu-2019-07-4-o-14.11.20-1-1536x584.png 1536w, https:\/\/delphipools.eu\/wp-content\/uploads\/2019\/07\/Zrzut-ekranu-2019-07-4-o-14.11.20-1.png 1798w\" sizes=\"auto, (max-width: 1024px) 100vw, 1024px\" \/><\/figure>\n\n\n\n<h3 class=\"wp-block-heading\">Dost\u0119pne rozmiary basen\u00f3w<\/h3>\n\n\n\n<figure class=\"wp-block-table is-style-stripes\"><table><tbody><tr><td><strong>Styl<\/strong><\/td><td class=\"has-text-align-center\" data-align=\"center\"><\/td><td class=\"has-text-align-center\" data-align=\"center\">2.55m<\/td><td class=\"has-text-align-center\" data-align=\"center\">2.70m<\/td><td class=\"has-text-align-center\" data-align=\"center\">3.00m<\/td><td class=\"has-text-align-center\" data-align=\"center\">3.10m<\/td><td class=\"has-text-align-center\" data-align=\"center\">3.30m<\/td><td class=\"has-text-align-center\" data-align=\"center\">3.70m<\/td><\/tr><tr><td>Rzymski Standard<\/td><td class=\"has-text-align-center\" data-align=\"center\">4.70m<\/td><td class=\"has-text-align-center\" data-align=\"center\">1.00m<\/td><td class=\"has-text-align-center\" data-align=\"center\">x<\/td><td class=\"has-text-align-center\" data-align=\"center\">x<\/td><td class=\"has-text-align-center\" data-align=\"center\">x<\/td><td class=\"has-text-align-center\" data-align=\"center\">x<\/td><td class=\"has-text-align-center\" data-align=\"center\">x<\/td><\/tr><tr><td>Prostok\u0105tny Aura<\/td><td class=\"has-text-align-center\" data-align=\"center\">5.00m<\/td><td class=\"has-text-align-center\" data-align=\"center\">x<\/td><td class=\"has-text-align-center\" data-align=\"center\">x<\/td><td class=\"has-text-align-center\" data-align=\"center\">1.55m<\/td><td class=\"has-text-align-center\" data-align=\"center\">x<\/td><td class=\"has-text-align-center\" data-align=\"center\">x<\/td><td class=\"has-text-align-center\" data-align=\"center\">x<\/td><\/tr><tr><td>Rzymski Neo<\/td><td class=\"has-text-align-center\" data-align=\"center\">5.20m<\/td><td class=\"has-text-align-center\" data-align=\"center\">1.10m<\/td><td class=\"has-text-align-center\" data-align=\"center\">x<\/td><td class=\"has-text-align-center\" data-align=\"center\">1.50m<\/td><td class=\"has-text-align-center\" data-align=\"center\">x<\/td><td class=\"has-text-align-center\" data-align=\"center\">x<\/td><td class=\"has-text-align-center\" data-align=\"center\">x<\/td><\/tr><tr><td>Rzymski Standard<br>Prostok\u0105tny Aura<\/td><td class=\"has-text-align-center\" data-align=\"center\">6.00m<\/td><td class=\"has-text-align-center\" data-align=\"center\">x<\/td><td class=\"has-text-align-center\" data-align=\"center\">x<\/td><td class=\"has-text-align-center\" data-align=\"center\">1.40m<br>1.55m<\/td><td class=\"has-text-align-center\" data-align=\"center\">x<\/td><td class=\"has-text-align-center\" data-align=\"center\">x<\/td><td class=\"has-text-align-center\" data-align=\"center\">x<\/td><\/tr><tr><td>Rzymski Standard<\/td><td class=\"has-text-align-center\" data-align=\"center\">6.00m<\/td><td class=\"has-text-align-center\" data-align=\"center\">x<\/td><td class=\"has-text-align-center\" data-align=\"center\">1.20m<\/td><td class=\"has-text-align-center\" data-align=\"center\">x<\/td><td class=\"has-text-align-center\" data-align=\"center\">x<\/td><td class=\"has-text-align-center\" data-align=\"center\">x<\/td><td class=\"has-text-align-center\" data-align=\"center\">x<\/td><\/tr><tr><td>Rzymski Neo<br>Prostok\u0105tny Elegance Alpha<\/td><td class=\"has-text-align-center\" data-align=\"center\">6.20m<\/td><td class=\"has-text-align-center\" data-align=\"center\">x<\/td><td class=\"has-text-align-center\" data-align=\"center\">x<\/td><td class=\"has-text-align-center\" data-align=\"center\">1.40m<br>1.50m<\/td><td class=\"has-text-align-center\" data-align=\"center\">x<\/td><td class=\"has-text-align-center\" data-align=\"center\">x<\/td><td class=\"has-text-align-center\" data-align=\"center\">x<\/td><\/tr><tr><td>Rzymski Standard<\/td><td class=\"has-text-align-center\" data-align=\"center\">6.50m<\/td><td class=\"has-text-align-center\" data-align=\"center\">x<\/td><td class=\"has-text-align-center\" data-align=\"center\">x<\/td><td class=\"has-text-align-center\" data-align=\"center\">1.40m<\/td><td class=\"has-text-align-center\" data-align=\"center\">x<\/td><td class=\"has-text-align-center\" data-align=\"center\">x<\/td><td class=\"has-text-align-center\" data-align=\"center\">x<\/td><\/tr><tr><td>Prostok\u0105tny Aura<br><\/td><td class=\"has-text-align-center\" data-align=\"center\">7.00m<\/td><td class=\"has-text-align-center\" data-align=\"center\">x<\/td><td class=\"has-text-align-center\" data-align=\"center\">x<\/td><td class=\"has-text-align-center\" data-align=\"center\">1.55m<\/td><td class=\"has-text-align-center\" data-align=\"center\">x<\/td><td class=\"has-text-align-center\" data-align=\"center\">x<\/td><td class=\"has-text-align-center\" data-align=\"center\">x<\/td><\/tr><tr><td>Rzymski Standard<\/td><td class=\"has-text-align-center\" data-align=\"center\">7.10m<\/td><td class=\"has-text-align-center\" data-align=\"center\">x<\/td><td class=\"has-text-align-center\" data-align=\"center\">x<\/td><td class=\"has-text-align-center\" data-align=\"center\">x<\/td><td class=\"has-text-align-center\" data-align=\"center\">1.55m<\/td><td class=\"has-text-align-center\" data-align=\"center\">x<\/td><td class=\"has-text-align-center\" data-align=\"center\">x<\/td><\/tr><tr><td>Rzymski Neo<\/td><td class=\"has-text-align-center\" data-align=\"center\">7.20m<\/td><td class=\"has-text-align-center\" data-align=\"center\">x<\/td><td class=\"has-text-align-center\" data-align=\"center\">x<\/td><td class=\"has-text-align-center\" data-align=\"center\">x<\/td><td class=\"has-text-align-center\" data-align=\"center\">1.55m<\/td><td class=\"has-text-align-center\" data-align=\"center\">x<\/td><td class=\"has-text-align-center\" data-align=\"center\">x<\/td><\/tr><tr><td>Prostok\u0105tny Elegance Comfort<\/td><td class=\"has-text-align-center\" data-align=\"center\">7.50m<\/td><td class=\"has-text-align-center\" data-align=\"center\">x<\/td><td class=\"has-text-align-center\" data-align=\"center\">x<\/td><td class=\"has-text-align-center\" data-align=\"center\">x<\/td><td class=\"has-text-align-center\" data-align=\"center\">x<\/td><td class=\"has-text-align-center\" data-align=\"center\">x<\/td><td class=\"has-text-align-center\" data-align=\"center\">1.55m<\/td><\/tr><tr><td>Rzymski Standard<\/td><td class=\"has-text-align-center\" data-align=\"center\">7.70m<\/td><td class=\"has-text-align-center\" data-align=\"center\">x<\/td><td class=\"has-text-align-center\" data-align=\"center\">x<\/td><td class=\"has-text-align-center\" data-align=\"center\">x<\/td><td class=\"has-text-align-center\" data-align=\"center\">1.55m<\/td><td class=\"has-text-align-center\" data-align=\"center\">x<\/td><td class=\"has-text-align-center\" data-align=\"center\">x<\/td><\/tr><tr><td>Rzymski Standard<\/td><td class=\"has-text-align-center\" data-align=\"center\">8.20m<\/td><td class=\"has-text-align-center\" data-align=\"center\">x<\/td><td class=\"has-text-align-center\" data-align=\"center\">x<\/td><td class=\"has-text-align-center\" data-align=\"center\">x<\/td><td class=\"has-text-align-center\" data-align=\"center\">1.55m<\/td><td class=\"has-text-align-center\" data-align=\"center\">x<\/td><td class=\"has-text-align-center\" data-align=\"center\">x<\/td><\/tr><tr><td>Rzymski Standard<br>Prostok\u0105tny Elegance Comfort<\/td><td class=\"has-text-align-center\" data-align=\"center\">8.50m<\/td><td class=\"has-text-align-center\" data-align=\"center\">x<\/td><td class=\"has-text-align-center\" data-align=\"center\">x<\/td><td class=\"has-text-align-center\" data-align=\"center\">x<\/td><td class=\"has-text-align-center\" data-align=\"center\">x<\/td><td class=\"has-text-align-center\" data-align=\"center\">x<\/td><td class=\"has-text-align-center\" data-align=\"center\">1.55m<br>1.55m<\/td><\/tr><tr><td>Prostok\u0105tny Elegance Comfort<\/td><td class=\"has-text-align-center\" data-align=\"center\">8.90m<\/td><td class=\"has-text-align-center\" data-align=\"center\">x<\/td><td class=\"has-text-align-center\" data-align=\"center\">x<\/td><td class=\"has-text-align-center\" data-align=\"center\">x<\/td><td class=\"has-text-align-center\" data-align=\"center\">x<\/td><td class=\"has-text-align-center\" data-align=\"center\">x<\/td><td class=\"has-text-align-center\" data-align=\"center\">1.55m<\/td><\/tr><tr><td>Rzymski Standard<\/td><td class=\"has-text-align-center\" data-align=\"center\">9.40m<\/td><td class=\"has-text-align-center\" data-align=\"center\">x<\/td><td class=\"has-text-align-center\" data-align=\"center\">x<\/td><td class=\"has-text-align-center\" data-align=\"center\">x<\/td><td class=\"has-text-align-center\" data-align=\"center\">x<\/td><td class=\"has-text-align-center\" data-align=\"center\">1.55m<\/td><td class=\"has-text-align-center\" data-align=\"center\">x<\/td><\/tr><tr><td>Rzymski Standard<\/td><td class=\"has-text-align-center\" data-align=\"center\">9.50<\/td><td class=\"has-text-align-center\" data-align=\"center\">x<\/td><td class=\"has-text-align-center\" data-align=\"center\">x<\/td><td class=\"has-text-align-center\" data-align=\"center\">x<\/td><td class=\"has-text-align-center\" data-align=\"center\">x<\/td><td class=\"has-text-align-center\" data-align=\"center\">x<\/td><td class=\"has-text-align-center\" data-align=\"center\">1.55m<\/td><\/tr><tr><td>Rzymski Standard<\/td><td class=\"has-text-align-center\" data-align=\"center\">10.50<\/td><td class=\"has-text-align-center\" data-align=\"center\">x<\/td><td class=\"has-text-align-center\" data-align=\"center\">x<\/td><td class=\"has-text-align-center\" data-align=\"center\">x<\/td><td class=\"has-text-align-center\" data-align=\"center\">x<\/td><td class=\"has-text-align-center\" data-align=\"center\">x<\/td><td class=\"has-text-align-center\" data-align=\"center\">1.55m<\/td><\/tr><\/tbody><\/table><\/figure>\n","protected":false},"excerpt":{"rendered":"<p>Dostarczane przez nas baseny posiadaj\u0105 wielowarstwow\u0105 budow\u0119 gwarantuj\u0105c\u0105 d\u0142ugoletni\u0105 trwa\u0142o\u015b\u0107 i odporno\u015b\u0107 na wod\u0119, chemikalia oraz niekorzystne warunki atmosferyczne. Zbudowane s\u0105 z \u017cywicy konstrukcyjnej nadaj\u0105cej niecce wytrzyma\u0142o\u015b\u0107 i sztywno\u015b\u0107, warstwy przeciwosmozowej chroni\u0105cej przed przenikaniem wody w g\u0142\u0105b konstrukcji, oraz z wysokiej jako\u015bci \u017celkotu, kt\u00f3ry uodparnia na starzenie, promieniowanie UV, \u015brodki chemiczne i czynniki atmosferyczne. Warstwa&hellip;&nbsp;<a href=\"https:\/\/delphipools.eu\/?page_id=486&#038;lang=pl\" rel=\"bookmark\"><span class=\"screen-reader-text\">Baseny<\/span><\/a><\/p>\n","protected":false},"author":1,"featured_media":741,"parent":0,"menu_order":0,"comment_status":"closed","ping_status":"closed","template":"","meta":{"neve_meta_sidebar":"","neve_meta_container":"","neve_meta_enable_content_width":"","neve_meta_content_width":0,"neve_meta_title_alignment":"","neve_meta_author_avatar":"","neve_post_elements_order":"","neve_meta_disable_header":"","neve_meta_disable_footer":"","neve_meta_disable_title":"","ngg_post_thumbnail":0,"footnotes":""},"class_list":["post-486","page","type-page","status-publish","has-post-thumbnail","hentry"],"_links":{"self":[{"href":"https:\/\/delphipools.eu\/index.php?rest_route=\/wp\/v2\/pages\/486","targetHints":{"allow":["GET"]}}],"collection":[{"href":"https:\/\/delphipools.eu\/index.php?rest_route=\/wp\/v2\/pages"}],"about":[{"href":"https:\/\/delphipools.eu\/index.php?rest_route=\/wp\/v2\/types\/page"}],"author":[{"embeddable":true,"href":"https:\/\/delphipools.eu\/index.php?rest_route=\/wp\/v2\/users\/1"}],"replies":[{"embeddable":true,"href":"https:\/\/delphipools.eu\/index.php?rest_route=%2Fwp%2Fv2%2Fcomments&post=486"}],"version-history":[{"count":7,"href":"https:\/\/delphipools.eu\/index.php?rest_route=\/wp\/v2\/pages\/486\/revisions"}],"predecessor-version":[{"id":1008,"href":"https:\/\/delphipools.eu\/index.php?rest_route=\/wp\/v2\/pages\/486\/revisions\/1008"}],"wp:featuredmedia":[{"embeddable":true,"href":"https:\/\/delphipools.eu\/index.php?rest_route=\/wp\/v2\/media\/741"}],"wp:attachment":[{"href":"https:\/\/delphipools.eu\/index.php?rest_route=%2Fwp%2Fv2%2Fmedia&parent=486"}],"curies":[{"name":"wp","href":"https:\/\/api.w.org\/{rel}","templated":true}]}}