{"id":710,"date":"2022-03-16T14:10:00","date_gmt":"2022-03-16T13:10:00","guid":{"rendered":"https:\/\/delphipools.eu\/?page_id=710"},"modified":"2025-02-21T14:19:54","modified_gmt":"2025-02-21T13:19:54","slug":"pl","status":"publish","type":"page","link":"https:\/\/delphipools.eu\/?page_id=710&lang=pl","title":{"rendered":""},"content":{"rendered":"\n<div class=\"wp-block-cover alignfull is-light\"><span aria-hidden=\"true\" class=\"wp-block-cover__background has-background-dim-0 has-background-dim\"><\/span><img loading=\"lazy\" decoding=\"async\" width=\"1280\" height=\"500\" class=\"wp-block-cover__image-background wp-image-685\" alt=\"\" src=\"https:\/\/delphipools.eu\/wp-content\/uploads\/2022\/03\/background-2.jpg\" data-object-fit=\"cover\" srcset=\"https:\/\/delphipools.eu\/wp-content\/uploads\/2022\/03\/background-2.jpg 1280w, https:\/\/delphipools.eu\/wp-content\/uploads\/2022\/03\/background-2-300x117.jpg 300w, https:\/\/delphipools.eu\/wp-content\/uploads\/2022\/03\/background-2-1024x400.jpg 1024w, https:\/\/delphipools.eu\/wp-content\/uploads\/2022\/03\/background-2-768x300.jpg 768w\" sizes=\"auto, (max-width: 1280px) 100vw, 1280px\" \/><div class=\"wp-block-cover__inner-container is-layout-constrained wp-block-cover-is-layout-constrained\">\n<p class=\"has-text-align-center has-large-font-size\"><\/p>\n<\/div><\/div>\n\n\n\n<div style=\"height:30px\" aria-hidden=\"true\" class=\"wp-block-spacer\"><\/div>\n\n\n\n<div class=\"wp-block-columns alignfull is-layout-flex wp-container-core-columns-is-layout-9d6595d7 wp-block-columns-is-layout-flex\">\n<div class=\"wp-block-column is-layout-flow wp-block-column-is-layout-flow\"><div class=\"wp-block-image is-resized is-style-default\">\n<figure class=\"aligncenter size-full\"><img loading=\"lazy\" decoding=\"async\" width=\"107\" height=\"56\" src=\"https:\/\/delphipools.eu\/wp-content\/uploads\/2022\/03\/1.png\" alt=\"\" class=\"wp-image-621\"\/><\/figure>\n<\/div><\/div>\n\n\n\n<div class=\"wp-block-column is-layout-flow wp-block-column-is-layout-flow\"><div class=\"wp-block-image is-resized\">\n<figure class=\"aligncenter size-full\"><img loading=\"lazy\" decoding=\"async\" width=\"107\" height=\"56\" src=\"https:\/\/delphipools.eu\/wp-content\/uploads\/2022\/03\/2.png\" alt=\"\" class=\"wp-image-623\"\/><\/figure>\n<\/div><\/div>\n\n\n\n<div class=\"wp-block-column is-layout-flow wp-block-column-is-layout-flow\"><div class=\"wp-block-image is-resized\">\n<figure class=\"aligncenter size-full\"><img loading=\"lazy\" decoding=\"async\" width=\"177\" height=\"56\" src=\"https:\/\/delphipools.eu\/wp-content\/uploads\/2022\/03\/3.png\" alt=\"\" class=\"wp-image-624\"\/><\/figure>\n<\/div><\/div>\n\n\n\n<div class=\"wp-block-column is-layout-flow wp-block-column-is-layout-flow\"><div class=\"wp-block-image is-resized\">\n<figure class=\"aligncenter size-full\"><img loading=\"lazy\" decoding=\"async\" width=\"113\" height=\"56\" src=\"https:\/\/delphipools.eu\/wp-content\/uploads\/2022\/03\/4.png\" alt=\"\" class=\"wp-image-625\"\/><\/figure>\n<\/div><\/div>\n\n\n\n<div class=\"wp-block-column is-layout-flow wp-block-column-is-layout-flow\"><div class=\"wp-block-image is-resized\">\n<figure class=\"aligncenter size-full\"><img loading=\"lazy\" decoding=\"async\" width=\"107\" height=\"56\" src=\"https:\/\/delphipools.eu\/wp-content\/uploads\/2022\/03\/5.png\" alt=\"\" class=\"wp-image-627\"\/><\/figure>\n<\/div><\/div>\n<\/div>\n\n\n\n<div class=\"wp-block-cover alignfull is-light has-parallax is-repeated\"><span aria-hidden=\"true\" class=\"wp-block-cover__background has-background-dim-10 has-background-dim\"><\/span><div class=\"wp-block-cover__image-background wp-image-596 has-parallax is-repeated\" style=\"background-position:50% 50%;background-image:url(https:\/\/delphipools.eu\/wp-content\/uploads\/2022\/03\/bg.png)\"><\/div><div class=\"wp-block-cover__inner-container is-layout-flow wp-block-cover-is-layout-flow\">\n<div style=\"height:50px\" aria-hidden=\"true\" class=\"wp-block-spacer\"><\/div>\n\n\n\n<h1 class=\"wp-block-heading alignwide has-text-align-center has-text-color has-x-large-font-size\" style=\"color:#6a6a6a;font-style:normal;font-weight:900\">NASZA OFERTA<\/h1>\n\n\n\n<div style=\"height:25px\" aria-hidden=\"true\" class=\"wp-block-spacer\"><\/div>\n\n\n\n<div class=\"wp-block-columns alignwide is-layout-flex wp-container-core-columns-is-layout-9d6595d7 wp-block-columns-is-layout-flex\">\n<div class=\"wp-block-column has-nv-light-bg-background-color has-text-color has-background has-link-color wp-elements-c1adc7509e3d12c15580dd7c6ccf2b2b is-layout-flow wp-block-column-is-layout-flow\" style=\"color:#000000;padding-top:2em;padding-right:2em;padding-bottom:2em;padding-left:2em\">\n<h2 class=\"wp-block-heading has-text-align-center has-large-font-size\" id=\"single\"><strong>Baseny poliestrowe<\/strong><\/h2>\n\n\n\n<hr class=\"wp-block-separator has-text-color has-neve-link-hover-color-color has-css-opacity has-neve-link-hover-color-background-color has-background is-style-wide\"\/>\n\n\n\n<ul class=\"wp-block-list\">\n<li>Dostarczane przez nas baseny posiadaj\u0105 wielowarstwow\u0105 budow\u0119 gwarantuj\u0105c\u0105 d\u0142ugoletni\u0105 trwa\u0142o\u015b\u0107 i odporno\u015b\u0107 na wod\u0119, chemikalia oraz niekorzystne warunki atmosferyczne. Zbudowane s\u0105 z \u017cywicy konstrukcyjnej nadaj\u0105cej niecce wytrzyma\u0142o\u015b\u0107 i sztywno\u015b\u0107 oraz odporno\u015b\u0107 na chemikalia i warunki zewn\u0119trzne.<\/li>\n<\/ul>\n\n\n\n<div class=\"wp-block-buttons alignfull is-horizontal is-content-justification-center is-layout-flex wp-container-core-buttons-is-layout-499968f5 wp-block-buttons-is-layout-flex\">\n<div class=\"wp-block-button is-style-default\"><a class=\"wp-block-button__link has-vivid-cyan-blue-to-vivid-purple-gradient-background has-background wp-element-button\" href=\"https:\/\/delphipools.eu\/?page_id=486&amp;lang=pl\" rel=\"\">wi\u0119cej<\/a><\/div>\n<\/div>\n<\/div>\n\n\n\n<div class=\"wp-block-column has-text-color has-background has-link-color wp-elements-384c88513d559bcb780f961624624f04 is-layout-flow wp-block-column-is-layout-flow\" style=\"color:#000000;background-color:#eeeeee;padding-top:2em;padding-right:2em;padding-bottom:2em;padding-left:2em\">\n<h2 class=\"wp-block-heading has-text-align-center has-large-font-size\" id=\"family\"><strong>Zadaszenia<\/strong><\/h2>\n\n\n\n<hr class=\"wp-block-separator has-text-color has-neve-link-hover-color-color has-css-opacity has-neve-link-hover-color-background-color has-background is-style-wide\"\/>\n\n\n\n<ul class=\"wp-block-list\">\n<li>Korzystaj ze swojego basenu niezale\u017cnie od pogody i zabezpiecz go na zim\u0119 dzi\u0119ki naszym zadaszeniom.<\/li>\n<\/ul>\n\n\n\n<div class=\"wp-block-buttons alignfull is-horizontal is-content-justification-center is-layout-flex wp-container-core-buttons-is-layout-499968f5 wp-block-buttons-is-layout-flex\">\n<div class=\"wp-block-button is-style-default\"><a class=\"wp-block-button__link has-vivid-cyan-blue-to-vivid-purple-gradient-background has-background wp-element-button\" href=\"https:\/\/delphipools.eu\/?page_id=527\">wi\u0119cej<\/a><\/div>\n<\/div>\n<\/div>\n\n\n\n<div class=\"wp-block-column has-nv-light-bg-background-color has-text-color has-background has-link-color wp-elements-7049514491b2aeff92546913bee1f5cb is-layout-flow wp-block-column-is-layout-flow\" style=\"color:#000000;padding-top:2em;padding-right:2em;padding-bottom:2em;padding-left:2em\">\n<h2 class=\"wp-block-heading has-text-align-center has-large-font-size\" id=\"patron\"><strong>Akcesoria<\/strong><\/h2>\n\n\n\n<hr class=\"wp-block-separator has-text-color has-neve-link-hover-color-color has-css-opacity has-neve-link-hover-color-background-color has-background is-style-wide\"\/>\n\n\n\n<ul class=\"wp-block-list\">\n<li>Razem z naszymi basenami dostarczamy niezb\u0119dne akcesoria do poprawy jako\u015bci wody i komfortu w u\u017cytkowaniu basenu.<\/li>\n<\/ul>\n\n\n\n<div class=\"wp-block-buttons alignfull is-horizontal is-content-justification-center is-layout-flex wp-container-core-buttons-is-layout-499968f5 wp-block-buttons-is-layout-flex\">\n<div class=\"wp-block-button is-style-default\"><a class=\"wp-block-button__link has-vivid-cyan-blue-to-vivid-purple-gradient-background has-background wp-element-button\" href=\"https:\/\/delphipools.eu\/?page_id=534&amp;lang=pl\">wi\u0119cej<\/a><\/div>\n<\/div>\n<\/div>\n<\/div>\n\n\n\n<div style=\"height:50px\" aria-hidden=\"true\" class=\"wp-block-spacer\"><\/div>\n<\/div><\/div>\n\n\n\n<div style=\"height:60px\" aria-hidden=\"true\" class=\"wp-block-spacer\"><\/div>\n\n\n\n<div class=\"wp-block-columns is-layout-flex wp-container-core-columns-is-layout-9d6595d7 wp-block-columns-is-layout-flex\">\n<div class=\"wp-block-column is-layout-flow wp-block-column-is-layout-flow\" style=\"flex-basis:33.33%\">\n<div class=\"wp-block-columns is-layout-flex wp-container-core-columns-is-layout-9d6595d7 wp-block-columns-is-layout-flex\">\n<div class=\"wp-block-column is-vertically-aligned-top is-layout-flow wp-block-column-is-layout-flow\">\n<h2 class=\"wp-block-heading\">O nas<\/h2>\n\n\n\n<hr class=\"wp-block-separator has-text-color has-neve-link-color-color has-css-opacity has-neve-link-color-background-color has-background\"\/>\n\n\n\n<p>Jeste\u015bmy firm\u0105 dzia\u0142aj\u0105c\u0105 od lat na terenie ca\u0142ej Polski i Europy, z g\u0142\u00f3wnym nastawieniem na Chorwacj\u0119 oraz Wielk\u0105 Brytani\u0119. Nasze do\u015bwiadczenie w bran\u017cy gwarantuje najwy\u017csz\u0105 jako\u015b\u0107 wykonywanych us\u0142ug oraz dotrzymywanie um\u00f3wionych termin\u00f3w realizacji. Nasze baseny to produkt wykonywany w ca\u0142o\u015bci w Polsce. Baseny wykonywane s\u0105 r\u0119cznie z najlepszej jako\u015bci materia\u0142\u00f3w.<\/p>\n<\/div>\n<\/div>\n<\/div>\n\n\n\n<div class=\"wp-block-column is-layout-flow wp-block-column-is-layout-flow\" style=\"flex-basis:66.66%\">\n<figure class=\"wp-block-image size-large\"><img loading=\"lazy\" decoding=\"async\" width=\"1024\" height=\"764\" src=\"https:\/\/delphipools.eu\/wp-content\/uploads\/2019\/07\/Zrzut-ekranu-2019-01-4-o-16.40.35-1-1024x764.jpg\" alt=\"\" class=\"wp-image-87\" srcset=\"https:\/\/delphipools.eu\/wp-content\/uploads\/2019\/07\/Zrzut-ekranu-2019-01-4-o-16.40.35-1-1024x764.jpg 1024w, https:\/\/delphipools.eu\/wp-content\/uploads\/2019\/07\/Zrzut-ekranu-2019-01-4-o-16.40.35-1-300x224.jpg 300w, https:\/\/delphipools.eu\/wp-content\/uploads\/2019\/07\/Zrzut-ekranu-2019-01-4-o-16.40.35-1-768x573.jpg 768w, https:\/\/delphipools.eu\/wp-content\/uploads\/2019\/07\/Zrzut-ekranu-2019-01-4-o-16.40.35-1.jpg 1126w\" sizes=\"auto, (max-width: 1024px) 100vw, 1024px\" \/><\/figure>\n<\/div>\n<\/div>\n\n\n\n<div style=\"height:60px\" aria-hidden=\"true\" class=\"wp-block-spacer\"><\/div>\n\n\n\n<div class=\"wp-block-cover alignfull is-light has-parallax is-repeated\"><span aria-hidden=\"true\" class=\"wp-block-cover__background has-background-dim-10 has-background-dim\"><\/span><div class=\"wp-block-cover__image-background wp-image-596 has-parallax is-repeated\" style=\"background-position:50% 50%;background-image:url(https:\/\/delphipools.eu\/wp-content\/uploads\/2022\/03\/bg.png)\"><\/div><div class=\"wp-block-cover__inner-container is-layout-flow wp-block-cover-is-layout-flow\">\n<div style=\"height:50px\" aria-hidden=\"true\" class=\"wp-block-spacer\"><\/div>\n\n\n\n<h1 class=\"wp-block-heading has-text-align-center has-text-color has-x-large-font-size\" style=\"color:#616161\"><strong>NASZE BASENY<\/strong><\/h1>\n\n\n\n<p class=\"has-text-align-center\">Oferujemy baseny poliestrowe w r\u00f3\u017cnych rozmiarach i kszta\u0142tach, wykonane z najwy\u017cszej jako\u015bci materia\u0142\u00f3w aby spe\u0142ni\u0107 Pa\u0144stwa oczekiwania.<\/p>\n\n\n\n<div style=\"height:40px\" aria-hidden=\"true\" class=\"wp-block-spacer\"><\/div>\n\n\n\n<div class=\"wp-block-columns alignfull is-layout-flex wp-container-core-columns-is-layout-9d6595d7 wp-block-columns-is-layout-flex\">\n<div class=\"wp-block-column has-nv-site-bg-background-color has-text-color has-background has-link-color wp-elements-a15988dc4932d03e70286d43f82f7cc1 is-layout-flow wp-block-column-is-layout-flow\" style=\"color:#000000;padding-top:2em;padding-right:2em;padding-bottom:2em;padding-left:2em\">\n<h2 class=\"wp-block-heading has-text-align-center has-large-font-size\" id=\"single\">Schody rzymskie standard<\/h2>\n\n\n\n<p style=\"line-height:1.5\"><strong>Klasyczny kszta\u0142t ze schodami rzymskimi, dost\u0119pne w rozmiarach od 4,75m do 10,5m<\/strong><\/p>\n\n\n\n<hr class=\"wp-block-separator has-text-color has-neve-link-hover-color-color has-css-opacity has-neve-link-hover-color-background-color has-background is-style-wide\"\/>\n\n\n\n<figure class=\"wp-block-image size-full\"><a href=\"https:\/\/delphipools.eu\/roman-style-imperial\/\"><img loading=\"lazy\" decoding=\"async\" width=\"800\" height=\"800\" src=\"https:\/\/delphipools.eu\/wp-content\/uploads\/2019\/07\/1-1.jpg\" alt=\"\" class=\"wp-image-175\" srcset=\"https:\/\/delphipools.eu\/wp-content\/uploads\/2019\/07\/1-1.jpg 800w, https:\/\/delphipools.eu\/wp-content\/uploads\/2019\/07\/1-1-300x300.jpg 300w, https:\/\/delphipools.eu\/wp-content\/uploads\/2019\/07\/1-1-150x150.jpg 150w, https:\/\/delphipools.eu\/wp-content\/uploads\/2019\/07\/1-1-768x768.jpg 768w, https:\/\/delphipools.eu\/wp-content\/uploads\/2019\/07\/1-1-75x75.jpg 75w\" sizes=\"auto, (max-width: 800px) 100vw, 800px\" \/><\/a><\/figure>\n\n\n\n<div class=\"wp-block-buttons alignfull is-horizontal is-content-justification-center is-layout-flex wp-container-core-buttons-is-layout-499968f5 wp-block-buttons-is-layout-flex\">\n<div class=\"wp-block-button\"><a class=\"wp-block-button__link has-vivid-cyan-blue-to-vivid-purple-gradient-background has-background wp-element-button\" href=\"https:\/\/delphipools.eu\/?page_id=482&amp;lang=pl\">zobacz wi\u0119cej<\/a><\/div>\n<\/div>\n<\/div>\n\n\n\n<div class=\"wp-block-column has-nv-site-bg-background-color has-text-color has-background has-link-color wp-elements-90ef087a8aca2afe4db01c15401453d8 is-layout-flow wp-block-column-is-layout-flow\" style=\"color:#000000;padding-top:2em;padding-right:2em;padding-bottom:2em;padding-left:2em\">\n<h2 class=\"wp-block-heading has-text-align-center has-large-font-size\" id=\"family\">Prostok\u0105tny AURA<\/h2>\n\n\n\n<p style=\"line-height:1.5\"><strong>Prostok\u0105tny kszta\u0142t ze schodami wewn\u0119trznymi na kr\u00f3tszej \u015bcianie basenu. Dost\u0119pne 6 i 7m d\u0142ugo\u015bci.<\/strong><\/p>\n\n\n\n<hr class=\"wp-block-separator has-text-color has-neve-link-hover-color-color has-css-opacity has-neve-link-hover-color-background-color has-background is-style-wide\"\/>\n\n\n\n<figure class=\"wp-block-image size-full\"><img loading=\"lazy\" decoding=\"async\" width=\"800\" height=\"800\" src=\"https:\/\/delphipools.eu\/wp-content\/uploads\/2024\/01\/3-1.jpg\" alt=\"\" class=\"wp-image-937\" srcset=\"https:\/\/delphipools.eu\/wp-content\/uploads\/2024\/01\/3-1.jpg 800w, https:\/\/delphipools.eu\/wp-content\/uploads\/2024\/01\/3-1-300x300.jpg 300w, https:\/\/delphipools.eu\/wp-content\/uploads\/2024\/01\/3-1-150x150.jpg 150w, https:\/\/delphipools.eu\/wp-content\/uploads\/2024\/01\/3-1-768x768.jpg 768w\" sizes=\"auto, (max-width: 800px) 100vw, 800px\" \/><\/figure>\n\n\n\n<div class=\"wp-block-buttons alignfull is-horizontal is-content-justification-center is-layout-flex wp-container-core-buttons-is-layout-499968f5 wp-block-buttons-is-layout-flex\">\n<div class=\"wp-block-button\"><a class=\"wp-block-button__link has-vivid-cyan-blue-to-vivid-purple-gradient-background has-background wp-element-button\" href=\"https:\/\/delphipools.eu\/?page_id=511&amp;lang=pl\">zobacz wi\u0119cej<\/a><\/div>\n<\/div>\n<\/div>\n\n\n\n<div class=\"wp-block-column has-nv-site-bg-background-color has-text-color has-background has-link-color wp-elements-1b174f583d80e17ec0bfb69068071415 is-layout-flow wp-block-column-is-layout-flow\" style=\"color:#000000;padding-top:2em;padding-right:2em;padding-bottom:2em;padding-left:2em\">\n<h2 class=\"wp-block-heading has-text-align-center has-large-font-size\" id=\"patron\">Prostok\u0105tny Elegance Comfort<\/h2>\n\n\n\n<p><strong>Basen o kszta\u0142cie prostok\u0105tnym z wewn\u0119trznymi schodami w naro\u017cniku. Dost\u0119pny o d\u0142ugo\u015bci 7,5 i 8,5m<\/strong><\/p>\n\n\n\n<hr class=\"wp-block-separator has-text-color has-neve-link-hover-color-color has-css-opacity has-neve-link-hover-color-background-color has-background is-style-wide\"\/>\n\n\n<div class=\"wp-block-image\">\n<figure class=\"aligncenter size-full is-resized\"><img loading=\"lazy\" decoding=\"async\" width=\"789\" height=\"1024\" src=\"https:\/\/delphipools.eu\/wp-content\/uploads\/2022\/03\/elegance_miniatura.png\" alt=\"\" class=\"wp-image-677\" style=\"width:255px;height:330px\" srcset=\"https:\/\/delphipools.eu\/wp-content\/uploads\/2022\/03\/elegance_miniatura.png 789w, https:\/\/delphipools.eu\/wp-content\/uploads\/2022\/03\/elegance_miniatura-231x300.png 231w, https:\/\/delphipools.eu\/wp-content\/uploads\/2022\/03\/elegance_miniatura-768x997.png 768w\" sizes=\"auto, (max-width: 789px) 100vw, 789px\" \/><\/figure>\n<\/div>\n\n\n<div class=\"wp-block-buttons alignfull is-horizontal is-content-justification-center is-layout-flex wp-container-core-buttons-is-layout-499968f5 wp-block-buttons-is-layout-flex\">\n<div class=\"wp-block-button\"><a class=\"wp-block-button__link has-vivid-cyan-blue-to-vivid-purple-gradient-background has-background wp-element-button\" href=\"https:\/\/delphipools.eu\/?page_id=515&amp;lang=pl\">zobacz wi\u0119cej<\/a><\/div>\n<\/div>\n<\/div>\n<\/div>\n\n\n\n<div style=\"height:50px\" aria-hidden=\"true\" class=\"wp-block-spacer\"><\/div>\n<\/div><\/div>\n\n\n\n<div style=\"height:50px\" aria-hidden=\"true\" class=\"wp-block-spacer\"><\/div>\n\n\n\n<h2 class=\"wp-block-heading has-text-align-center\">Nasze realizacje<\/h2>\n\n\n\nngg_shortcode_0_placeholder\n","protected":false},"excerpt":{"rendered":"<p>O nas Jeste\u015bmy firm\u0105 dzia\u0142aj\u0105c\u0105 od lat na terenie ca\u0142ej Polski i Europy, z g\u0142\u00f3wnym nastawieniem na Chorwacj\u0119 oraz Wielk\u0105 Brytani\u0119. Nasze do\u015bwiadczenie w bran\u017cy gwarantuje najwy\u017csz\u0105 jako\u015b\u0107 wykonywanych us\u0142ug oraz dotrzymywanie um\u00f3wionych termin\u00f3w realizacji. Nasze baseny to produkt wykonywany w ca\u0142o\u015bci w Polsce. Baseny wykonywane s\u0105 r\u0119cznie z najlepszej jako\u015bci materia\u0142\u00f3w. Nasze realizacje<\/p>\n","protected":false},"author":1,"featured_media":685,"parent":0,"menu_order":0,"comment_status":"closed","ping_status":"closed","template":"","meta":{"neve_meta_sidebar":"","neve_meta_container":"","neve_meta_enable_content_width":"","neve_meta_content_width":0,"neve_meta_title_alignment":"","neve_meta_author_avatar":"","neve_post_elements_order":"","neve_meta_disable_header":"","neve_meta_disable_footer":"","neve_meta_disable_title":"","ngg_post_thumbnail":0,"footnotes":""},"class_list":["post-710","page","type-page","status-publish","has-post-thumbnail","hentry"],"_links":{"self":[{"href":"https:\/\/delphipools.eu\/index.php?rest_route=\/wp\/v2\/pages\/710","targetHints":{"allow":["GET"]}}],"collection":[{"href":"https:\/\/delphipools.eu\/index.php?rest_route=\/wp\/v2\/pages"}],"about":[{"href":"https:\/\/delphipools.eu\/index.php?rest_route=\/wp\/v2\/types\/page"}],"author":[{"embeddable":true,"href":"https:\/\/delphipools.eu\/index.php?rest_route=\/wp\/v2\/users\/1"}],"replies":[{"embeddable":true,"href":"https:\/\/delphipools.eu\/index.php?rest_route=%2Fwp%2Fv2%2Fcomments&post=710"}],"version-history":[{"count":20,"href":"https:\/\/delphipools.eu\/index.php?rest_route=\/wp\/v2\/pages\/710\/revisions"}],"predecessor-version":[{"id":1092,"href":"https:\/\/delphipools.eu\/index.php?rest_route=\/wp\/v2\/pages\/710\/revisions\/1092"}],"wp:featuredmedia":[{"embeddable":true,"href":"https:\/\/delphipools.eu\/index.php?rest_route=\/wp\/v2\/media\/685"}],"wp:attachment":[{"href":"https:\/\/delphipools.eu\/index.php?rest_route=%2Fwp%2Fv2%2Fmedia&parent=710"}],"curies":[{"name":"wp","href":"https:\/\/api.w.org\/{rel}","templated":true}]}}